{"id":179,"date":"2020-01-11T15:47:18","date_gmt":"2020-01-11T15:47:18","guid":{"rendered":"http:\/\/drsww.com\/?page_id=179"},"modified":"2020-01-11T16:00:40","modified_gmt":"2020-01-11T16:00:40","slug":"mesmerize","status":"publish","type":"page","link":"https:\/\/drsww.com\/","title":{"rendered":"Front Page"},"content":{"rendered":"<div  id=\"latest-news-1\" style=\"background-color: #f5fafd;\" data-label=\"Latest-news\" data-id=\"blog-section-mc\" data-export-id=\"blog-section-mc\" data-category=\"latest_news\" class=\"blog-section-mc blog-section-standard content-section content-section-spacing\"><div  class=\"gridContainer\"> <div  class=\"row\"><div  data-type=\"column\" class=\"section-title-col\">  <h2  class=\"\">Es gibt immer etwas zu lernen<\/h2> <p  class=\"lead\">\u00dcber Testen, StartUp Kontext und \u00fcber das Leben als Gr\u00fcnder.<\/p><\/div> <\/div> <div  class=\"row\"> <div  data-type=\"row\" data-dynamic-columns=\"handled\" data-content-shortcode=\"mesmerize_latest_news posts=&quot;3&quot;\">\t\t<div class=\"row center-sm content-left-sm\">\n\t\t\t\t\t<div id=\"post-139\" class=\"col-sm-6 col-md-4 space-bottom space-bottom-xs\">\n\t\t\t\t<div class=\"post-content card y-move bordered\">\n\t\t\t\t\t<div class=\"post-thumbnail\">\n   <a href=\"https:\/\/drsww.com\/?p=139\" class=\"post-list-item-thumb \">\n      <img loading=\"lazy\" decoding=\"async\" width=\"1000\" height=\"1000\" src=\"https:\/\/drsww.com\/wp-content\/uploads\/2019\/10\/Homerun.jpeg\" class=\"attachment-post-thumbnail size-post-thumbnail wp-post-image\" alt=\"\" srcset=\"https:\/\/drsww.com\/wp-content\/uploads\/2019\/10\/Homerun.jpeg 1000w, https:\/\/drsww.com\/wp-content\/uploads\/2019\/10\/Homerun-150x150.jpeg 150w, https:\/\/drsww.com\/wp-content\/uploads\/2019\/10\/Homerun-300x300.jpeg 300w, https:\/\/drsww.com\/wp-content\/uploads\/2019\/10\/Homerun-768x768.jpeg 768w, https:\/\/drsww.com\/wp-content\/uploads\/2019\/10\/Homerun-400x400.jpeg 400w, https:\/\/drsww.com\/wp-content\/uploads\/2019\/10\/Homerun-360x360.jpeg 360w\" sizes=\"auto, (max-width: 1000px) 100vw, 1000px\" \/>   <\/a>\n<\/div>\n\t\t\t\t\t<div class=\"col-padding col-padding-xs\">\n\t\t\t\t\t\t<h3 class=\"post-title space-bottom-small\">\n\t\t\t\t\t\t\t<a href=\"https:\/\/drsww.com\/?p=139\" rel=\"bookmark\">\n\t\t\t\t\t\t\t\tWann braucht man Manager und wann Gr\u00fcnder?\t\t\t\t\t\t\t<\/a>\n\t\t\t\t\t\t<\/h3>\n\t\t\t\t\t\t<p>Manager werden nie f\u00fcr einen einzigen Erfolg zum Gesch\u00e4ftsf\u00fchrer bef\u00f6rdert. Aber eine einzige richtige Entscheidung, eine richtige Umsetzung, eine richtige Idee kann das Unternehmen erfolgreich machen.<\/p>\n\t\t\t\t\t\t<a class=\"read-more link\" href=\"https:\/\/drsww.com\/?p=139\">\n\t\t\t\t\t\t\tRead more\t\t\t\t\t\t<\/a>\n\t\t\t\t\t<\/div>\n\t\t\t\t<\/div>\n\t\t\t<\/div>\n\t\t\t\t\t\t<div id=\"post-126\" class=\"col-sm-6 col-md-4 space-bottom space-bottom-xs\">\n\t\t\t\t<div class=\"post-content card y-move bordered\">\n\t\t\t\t\t<div class=\"post-thumbnail\">\n   <a href=\"https:\/\/drsww.com\/?p=126\" class=\"post-list-item-thumb \">\n      <img loading=\"lazy\" decoding=\"async\" width=\"1024\" height=\"683\" src=\"https:\/\/drsww.com\/wp-content\/uploads\/2019\/09\/rafael-kellermann-streit-fOv3InYoH54-unsplash.jpg\" class=\"attachment-post-thumbnail size-post-thumbnail wp-post-image\" alt=\"\" srcset=\"https:\/\/drsww.com\/wp-content\/uploads\/2019\/09\/rafael-kellermann-streit-fOv3InYoH54-unsplash.jpg 5184w, https:\/\/drsww.com\/wp-content\/uploads\/2019\/09\/rafael-kellermann-streit-fOv3InYoH54-unsplash-300x200.jpg 300w, https:\/\/drsww.com\/wp-content\/uploads\/2019\/09\/rafael-kellermann-streit-fOv3InYoH54-unsplash-768x512.jpg 768w, https:\/\/drsww.com\/wp-content\/uploads\/2019\/09\/rafael-kellermann-streit-fOv3InYoH54-unsplash-1024x683.jpg 1024w, https:\/\/drsww.com\/wp-content\/uploads\/2019\/09\/rafael-kellermann-streit-fOv3InYoH54-unsplash-90x60.jpg 90w\" sizes=\"auto, (max-width: 1024px) 100vw, 1024px\" \/>   <\/a>\n<\/div>\n\t\t\t\t\t<div class=\"col-padding col-padding-xs\">\n\t\t\t\t\t\t<h3 class=\"post-title space-bottom-small\">\n\t\t\t\t\t\t\t<a href=\"https:\/\/drsww.com\/?p=126\" rel=\"bookmark\">\n\t\t\t\t\t\t\t\tFrag den Kunden nicht nach der L\u00f6sung \u2013 Frag nach dem Problem\t\t\t\t\t\t\t<\/a>\n\t\t\t\t\t\t<\/h3>\n\t\t\t\t\t\t<p>Frag Den Kunden Nicht Nach Der L\u00f6sung \u2013 Frag Nach Dem Problem<br \/>\n\u201eWenn ich die Menschen gefragt h\u00e4tte, was sie wollen, h\u00e4tten sie gesagt \u201eschnellere Pferde\u201c\u201c, soll Henry Ford gesagt haben. Recht hatte er: Der Kunde versteht nicht die beste L\u00f6sung \u2013 er versteht sein Problem. Also sollten wir danach fragen.<\/p>\n\t\t\t\t\t\t<a class=\"read-more link\" href=\"https:\/\/drsww.com\/?p=126\">\n\t\t\t\t\t\t\tRead more\t\t\t\t\t\t<\/a>\n\t\t\t\t\t<\/div>\n\t\t\t\t<\/div>\n\t\t\t<\/div>\n\t\t\t\t<\/div>\n\t<\/div><\/div> <div  class=\"row\"><div  class=\"text-center\"> <a  class=\"button color1\" data-attr-shortcode=\"href:mesmerize_blog_link\" href=\"https:\/\/drsww.com\/?page_id=180\">Alle Beitr\u00e4ge<\/a><\/div> <\/div><\/div><\/div>","protected":false},"excerpt":{"rendered":"<p>Es gibt immer etwas zu lernen \u00dcber Testen, StartUp Kontext und \u00fcber das Leben als Gr\u00fcnder. Alle Beitr\u00e4ge<\/p>\n","protected":false},"author":1,"featured_media":0,"parent":0,"menu_order":0,"comment_status":"closed","ping_status":"closed","template":"page-templates\/homepage.php","meta":{"footnotes":""},"class_list":["post-179","page","type-page","status-publish","hentry"],"_links":{"self":[{"href":"https:\/\/drsww.com\/index.php?rest_route=\/wp\/v2\/pages\/179","targetHints":{"allow":["GET"]}}],"collection":[{"href":"https:\/\/drsww.com\/index.php?rest_route=\/wp\/v2\/pages"}],"about":[{"href":"https:\/\/drsww.com\/index.php?rest_route=\/wp\/v2\/types\/page"}],"author":[{"embeddable":true,"href":"https:\/\/drsww.com\/index.php?rest_route=\/wp\/v2\/users\/1"}],"replies":[{"embeddable":true,"href":"https:\/\/drsww.com\/index.php?rest_route=%2Fwp%2Fv2%2Fcomments&post=179"}],"version-history":[{"count":4,"href":"https:\/\/drsww.com\/index.php?rest_route=\/wp\/v2\/pages\/179\/revisions"}],"predecessor-version":[{"id":190,"href":"https:\/\/drsww.com\/index.php?rest_route=\/wp\/v2\/pages\/179\/revisions\/190"}],"wp:attachment":[{"href":"https:\/\/drsww.com\/index.php?rest_route=%2Fwp%2Fv2%2Fmedia&parent=179"}],"curies":[{"name":"wp","href":"https:\/\/api.w.org\/{rel}","templated":true}]}}