{"id":111,"date":"2019-07-30T08:05:07","date_gmt":"2019-07-30T08:05:07","guid":{"rendered":"http:\/\/drsww.com\/?page_id=111"},"modified":"2019-07-30T08:05:08","modified_gmt":"2019-07-30T08:05:08","slug":"berater","status":"publish","type":"page","link":"https:\/\/drsww.com\/?page_id=111","title":{"rendered":"Berater"},"content":{"rendered":"\n<p>Berater sollten einen hohen Wert in kurzer Zeit liefern, die\nWeiterentwickelung der Firma f\u00f6rdern und sich selber m\u00f6glichst schnell \u00fcberfl\u00fcssig\nmachen. <\/p>\n\n\n\n<p>Immer wenn einer dieser Aspekte bei uns nicht erf\u00fcllt war,\nwurde das Mandat zur Katastrophe. Daher achte ich als Berater darauf, dass ich\nnur Mandate annehme, bei denen ich diese Aspekte 100% erf\u00fcllen kann.<\/p>\n\n\n\n<p>Wenn Du als Hilfe ben\u00f6tigst Deine Idee oder Dein fr\u00fches Start-Up\nzu entwickeln, ruf mich kurz an.<\/p>\n","protected":false},"excerpt":{"rendered":"<p>Berater sollten einen hohen Wert in kurzer Zeit liefern, die Weiterentwickelung der Firma f\u00f6rdern und sich selber m\u00f6glichst schnell \u00fcberfl\u00fcssig machen. Immer wenn einer dieser Aspekte bei uns nicht erf\u00fcllt war, wurde das Mandat zur Katastrophe. Daher achte ich als Berater darauf, dass ich nur Mandate annehme, bei denen ich diese Aspekte 100% erf\u00fcllen kann.&hellip; <br \/> <a class=\"read-more\" href=\"https:\/\/drsww.com\/?page_id=111\">Weiterlesen<\/a><\/p>\n","protected":false},"author":1,"featured_media":74,"parent":48,"menu_order":0,"comment_status":"closed","ping_status":"closed","template":"","meta":{"footnotes":""},"class_list":["post-111","page","type-page","status-publish","has-post-thumbnail","hentry"],"_links":{"self":[{"href":"https:\/\/drsww.com\/index.php?rest_route=\/wp\/v2\/pages\/111","targetHints":{"allow":["GET"]}}],"collection":[{"href":"https:\/\/drsww.com\/index.php?rest_route=\/wp\/v2\/pages"}],"about":[{"href":"https:\/\/drsww.com\/index.php?rest_route=\/wp\/v2\/types\/page"}],"author":[{"embeddable":true,"href":"https:\/\/drsww.com\/index.php?rest_route=\/wp\/v2\/users\/1"}],"replies":[{"embeddable":true,"href":"https:\/\/drsww.com\/index.php?rest_route=%2Fwp%2Fv2%2Fcomments&post=111"}],"version-history":[{"count":1,"href":"https:\/\/drsww.com\/index.php?rest_route=\/wp\/v2\/pages\/111\/revisions"}],"predecessor-version":[{"id":112,"href":"https:\/\/drsww.com\/index.php?rest_route=\/wp\/v2\/pages\/111\/revisions\/112"}],"up":[{"embeddable":true,"href":"https:\/\/drsww.com\/index.php?rest_route=\/wp\/v2\/pages\/48"}],"wp:featuredmedia":[{"embeddable":true,"href":"https:\/\/drsww.com\/index.php?rest_route=\/wp\/v2\/media\/74"}],"wp:attachment":[{"href":"https:\/\/drsww.com\/index.php?rest_route=%2Fwp%2Fv2%2Fmedia&parent=111"}],"curies":[{"name":"wp","href":"https:\/\/api.w.org\/{rel}","templated":true}]}}